{"id":10796,"date":"2026-03-17T10:59:37","date_gmt":"2026-03-17T09:59:37","guid":{"rendered":"https:\/\/staging.sivananda.eu\/?page_id=10796"},"modified":"2026-03-20T15:20:05","modified_gmt":"2026-03-20T14:20:05","slug":"tahin-minz-dressing","status":"publish","type":"page","link":"https:\/\/staging.sivananda.eu\/de\/yoga\/ernaehrung\/rezepte\/tahin-minz-dressing\/","title":{"rendered":"Tahin-Minz-Dressing"},"content":{"rendered":"\t\t<div data-elementor-type=\"wp-page\" data-elementor-id=\"10796\" class=\"elementor elementor-10796 elementor-10676\" data-elementor-post-type=\"page\">\n\t\t\t\t<div class=\"elementor-element elementor-element-7e2beafb e-flex e-con-boxed e-con e-parent\" data-id=\"7e2beafb\" data-element_type=\"container\" data-e-type=\"container\" data-settings=\"{&quot;jet_parallax_layout_list&quot;:[]}\">\n\t\t\t\t\t<div class=\"e-con-inner\">\n\t\t\t\t<div class=\"elementor-element elementor-element-4051727d elementor-widget elementor-widget-template\" data-id=\"4051727d\" data-element_type=\"widget\" data-e-type=\"widget\" data-widget_type=\"template.default\">\n\t\t\t\t<div class=\"elementor-widget-container\">\n\t\t\t\t\t\t\t<div class=\"elementor-template\">\n\t\t\t\t\t<div data-elementor-type=\"container\" data-elementor-id=\"4127\" class=\"elementor elementor-4127\" data-elementor-post-type=\"elementor_library\">\n\t\t\t\t<div class=\"elementor-element elementor-element-77c5128e e-flex e-con-boxed e-con e-parent\" data-id=\"77c5128e\" data-element_type=\"container\" data-e-type=\"container\" data-settings=\"{&quot;background_background&quot;:&quot;classic&quot;,&quot;jet_parallax_layout_list&quot;:[]}\">\n\t\t\t\t\t<div class=\"e-con-inner\">\n\t\t\t\t<div class=\"elementor-element elementor-element-2cdd92ef elementor-widget elementor-widget-shortcode\" data-id=\"2cdd92ef\" data-element_type=\"widget\" data-e-type=\"widget\" data-widget_type=\"shortcode.default\">\n\t\t\t\t\t\t\t<div class=\"elementor-shortcode\"><nav aria-label=\"breadcrumbs\" class=\"rank-math-breadcrumb\"><p><span class=\"last\">Home<\/span><\/p><\/nav><\/div>\n\t\t\t\t\t\t<\/div>\n\t\t\t\t\t<\/div>\n\t\t\t\t<\/div>\n\t\t\t\t<\/div>\n\t\t\t\t<\/div>\n\t\t\t\t\t\t<\/div>\n\t\t\t\t<\/div>\n\t\t\t\t\t<\/div>\n\t\t\t\t<\/div>\n\t\t<div class=\"elementor-element elementor-element-1d6200bb e-flex e-con-boxed e-con e-parent\" data-id=\"1d6200bb\" data-element_type=\"container\" data-e-type=\"container\" data-settings=\"{&quot;background_background&quot;:&quot;classic&quot;,&quot;jet_parallax_layout_list&quot;:[]}\">\n\t\t\t\t\t<div class=\"e-con-inner\">\n\t\t\t\t<div class=\"elementor-element elementor-element-3e60b4c1 elementor-widget__width-initial elementor-widget elementor-widget-ucaddon_recipe_copy\" data-id=\"3e60b4c1\" data-element_type=\"widget\" data-e-type=\"widget\" data-widget_type=\"ucaddon_recipe_copy.default\">\n\t\t\t\t<div class=\"elementor-widget-container\">\n\t\t\t\t\t\n<!-- start Recipe - custom -->\n\t\t<link id='font-awesome-css' href='https:\/\/staging.sivananda.eu\/wp-content\/plugins\/unlimited-elements-for-elementor-premium\/assets_libraries\/font-awesome6\/fontawesome-all.min.css' type='text\/css' rel='stylesheet' >\n\t\t<link id='font-awesome-4-shim-css' href='https:\/\/staging.sivananda.eu\/wp-content\/plugins\/unlimited-elements-for-elementor-premium\/assets_libraries\/font-awesome6\/fontawesome-v4-shims.min.css' type='text\/css' rel='stylesheet' >\n\n<style>\/* widget: Recipe - custom *\/\n\n#uc_recipe_copy_elementor_3e60b4c1 *{\n  box-sizing: border-box;\n}\n#uc_recipe_copy_elementor_3e60b4c1.ue-recipe-widget {\n  overflow: hidden;\n  max-width:100%;\n  width:100%;\n  direction:ltr!important;\n  position:relative;\n}\n\n#uc_recipe_copy_elementor_3e60b4c1 .ue-recipe-image-wrapper {\n  position: relative;\n  width:100%;\n  overflow: hidden;\n}\n\n#uc_recipe_copy_elementor_3e60b4c1 .ue-recipe-image {\n  width: 100%;\n  display: block;\n}\n\n#uc_recipe_copy_elementor_3e60b4c1 .ue-recipe-tags {\n  position: absolute;\n  display:flex;\n  flex-direction:row;\n}\n\n#uc_recipe_copy_elementor_3e60b4c1 .ue-heading {\n  margin-block-start: 0;\n}\n  #uc_recipe_copy_elementor_3e60b4c1 .ue-recipe-title {\n    margin-top: 0;\n  }\n\n  #uc_recipe_copy_elementor_3e60b4c1 .ue-description {\n    margin-block-end: 0;\n  }\n\n#uc_recipe_copy_elementor_3e60b4c1 .ue-stats {\n  display: grid;\n}\n#uc_recipe_copy_elementor_3e60b4c1 .ue-stat {\n  display: flex;\n  flex-direction:column;\n}\n\n  #uc_recipe_copy_elementor_3e60b4c1 .ue-step {\n    display: flex;\n    flex-direction:row;\n  }\n  #uc_recipe_copy_elementor_3e60b4c1 .ue-step:last-child .ue-progress-line {\n    display: none !important;\n  }\n  #uc_recipe_copy_elementor_3e60b4c1 .ue-step-progress{\n    display:flex;\n    flex-direction:column;\n    align-items:center;\n    position:relative;\n  }\n  #uc_recipe_copy_elementor_3e60b4c1 .ue-step-indicator{\n    display:flex;\n    justify-content:center;\n    align-items:center;\n    text-align: center;\n  }\n  #uc_recipe_copy_elementor_3e60b4c1 .ue-instructions-content {\n    display:flex;\n    flex: 1;\n    flex-shrink: 0;\n  }\n      #uc_recipe_copy_elementor_3e60b4c1 .ue-progress-line{\n      flex-grow:1;\n    } \n    #uc_recipe_copy_elementor_3e60b4c1 .ue-step-title {\n    margin-block-start: 0;\n    margin-block-end: 0;\n  }\n  #uc_recipe_copy_elementor_3e60b4c1 .ue-step-title-desc{\n    flex-grow: 1;\n  }\n  #uc_recipe_copy_elementor_3e60b4c1 .ue-step-img{\n          height: fit-content;\n      }\n\n#uc_recipe_copy_elementor_3e60b4c1 .ue-video-wrapper {\n  overflow:hidden;\n  display: flex;\n  justify-content: center;\n  align-items: center;\n  width:100%;\n  position:relative;\n}\n#uc_recipe_copy_elementor_3e60b4c1 .ue-video-wrapper iframe {\n  position: absolute;\n  top: 0;\n  left: 0;\n  width: 100%;\n  height: 100%;\n}\n\n#uc_recipe_copy_elementor_3e60b4c1 svg{\n  width:1em;\n  height:1em;\n}\n#uc_recipe_copy_elementor_3e60b4c1 .ue-author-wrapper{\n  display:flex;\n}\n\n\n  #uc_recipe_copy_elementor_3e60b4c1 .ue-ingredient-ul {\n    list-style: none;\n    padding-left: 0;\n    display:flex;\n    flex-wrap: wrap;\n  }\n  #uc_recipe_copy_elementor_3e60b4c1 .ue-ingredient {\n    position: relative;\n    display: flex;\n    align-items: center;\n    flex-shrink: 0;\n  }\n    #uc_recipe_copy_elementor_3e60b4c1 .ue-ingredient::before {\n    content: '';\n  }\n  \n\n\n\n\n\/* base style *\/\n.ue-recipe-widget {\n  box-shadow: 0 4px 15px rgba(0, 0, 0, 0.15);\n}\n\n<\/style>\n\n\n<div id=\"uc_recipe_copy_elementor_3e60b4c1\" class=\"ue-recipe-widget\">\n  \n      <div class=\"ue-recipe-image-wrapper\">\n      <img decoding=\"async\" class=\"ue-recipe-image\" src=\"https:\/\/staging.sivananda.eu\/wp-content\/uploads\/2026\/03\/tahini-mint-dressing_v2-768x512.png\" alt=\"Tahini Mint Dressing\" title=\"tahini-mint-dressing_v2\" role=\"img\" aria-label=\"recipe image\"\/>\n      \n            \n          <\/div>\n    \n    <div class=\"ue-recipe-content\">\n      <h1  class=\"ue-recipe-title\">Tahin-Minz-Dressing<\/h1>      \n      <div class=\"ue-author-wrapper\">\n                      <\/div>\n  \n              <p class=\"ue-description\">\n          Das Tahin verleiht diesem Dressing einen Hauch von Mittlerem Osten. Tahin schmeckt besonders gut auf Salatbl\u00e4ttern oder Fr\u00fcchten. Da Tahin sehr viel \u00d6l enth\u00e4lt, ist kein weiterer \u00d6lzusatz mehr n\u00f6tig. <br \/><br \/>Tipps zum Variieren:\n<ul>\n<li>Verwende statt des Tahins Erdnuss, und lasse die Minze weg.<\/li>\n<li>Soll die Sauce einen Fruchtsalat kr\u00f6nen, so lasse das Tamari weg und nehme Apfelsaft statt Wasser. Nach Wunsch mit ein wenig Honig s\u00fc\u00dfen.<\/li>\n<li>Wenn Du das Wasser wegl\u00e4sst, kannst Du die Mixtur als Partydip servieren zu Crudit\u00e9s (geschnittenen rohen Gem\u00fcsesorten), Kartoffelchips oder Kr\u00e4ckern.<\/li>\n<\/ul>\n        <\/p>\n      \n              <div class=\"ue-stats-divider\"><\/div>        <div class=\"ue-stats\">\n                      <div class=\"ue-stat\">\n              <span class=\"ue-stat-icon\" aria-hidden=\"true\"><i class='far fa-clock'><\/i><\/span>\n              <span class=\"ue-stat-title\">Vorbereitung<\/span>\n              <span class=\"ue-stat-text\">5 Min<\/span>\n            <\/div>\n                                <div class=\"ue-stat\">\n              <span class=\"ue-stat-icon\" aria-hidden=\"true\"><i class='far fa-clock'><\/i><\/span>\n              <span class=\"ue-stat-title\">Kochzeit<\/span>\n              <span class=\"ue-stat-text\">0 Min<\/span>\n            <\/div>\n                                <div class=\"ue-stat\">\n              <span class=\"ue-stat-icon\" aria-hidden=\"true\"><i class='far fa-clock'><\/i><\/span>\n              <span class=\"ue-stat-title\">Gesamtzeit<\/span>\n              <span class=\"ue-stat-text\">5 Min<\/span>\n            <\/div>\n                                <div class=\"ue-stat\">\n              <span class=\"ue-stat-icon\"><i class='far fa-user'><\/i><\/span>\n              <span class=\"ue-stat-title\">Menge<\/span>\n              <span class=\"ue-stat-text\">250 ml<\/span>\n            <\/div>\n                  <\/div>\n            \n      \n                <div class=\"ue-ingredients-divider\"><\/div>      <div class=\"ue-ingredients\">\n        <h2 class=\"ue-ingredients ue-heading\">Zutaten<\/h2>\n        <ul class=\"ue-ingredient-ul\">\n                                                   <li class=\"ue-ingredient\">\n                                  75g Tahin\n               <\/li>\n                                                                <li class=\"ue-ingredient\">\n                                  Saft einer Zitrone\n               <\/li>\n                                                                <li class=\"ue-ingredient\">\n                                  ein Spritzer Tamari\n               <\/li>\n                                                                <li class=\"ue-ingredient\">\n                                  125 ml Wasser\n               <\/li>\n                                                                <li class=\"ue-ingredient\">\n                                  1 EL gehackte frische Minze\n               <\/li>\n                                                                   <\/ul>\n      <\/div>\n      \n          <div class=\"ue-instructions-divider\"><\/div>      <div class=\"ue-instructions\">\n        <h2 class=\"ue-heading\">Zubereitung<\/h2>\n        <div class=\"ue-step ue-step-1\">\n  <div class=\"ue-step-progress\">\n    <div class=\"ue-step-indicator\">\n      1    <\/div>\n          <div class=\"ue-progress-line\" aria-hidden=\"true\"><\/div>\n      <\/div>\n  <div class=\"ue-instructions-content\">\n    <div class=\"ue-step-title-desc\">\n      <h3 class=\"ue-step-title\">Alles verr\u00fchren<\/h3>\n      <p class=\"ue-step-desc\">Alle Zutaten in einem Mixer glattr\u00fchren oder mit dem Schneebesen in einer Sch\u00fcssel verr\u00fchren. Wenn n\u00f6tig, das Dressing mit ein wenig Wasser verd\u00fcnnen.<\/p>\n    <\/div>\n    <img href=\"\"  alt=\"\" class=\"ue-step-img\" >\n  <\/div>\n<\/div>\n\n      <\/div>\n      \n          \n            \n            \n    <\/div>\n    \n<\/div>\n\n\n<!-- end Recipe - custom -->\t\t\t\t<\/div>\n\t\t\t\t<\/div>\n\t\t\t\t\t<\/div>\n\t\t\t\t<\/div>\n\t\t\t\t<\/div>\n\t\t","protected":false},"excerpt":{"rendered":"<p>Tahin-Minz-Dressing Das Tahin verleiht diesem Dressing einen Hauch von Mittlerem Osten. Tahin schmeckt besonders gut auf Salatbl\u00e4ttern oder Fr\u00fcchten. Da Tahin sehr viel \u00d6l enth\u00e4lt, ist kein weiterer \u00d6lzusatz mehr n\u00f6tig. Tipps zum Variieren: Verwende statt des Tahins Erdnuss, und lasse die Minze weg. Soll die Sauce einen Fruchtsalat kr\u00f6nen, so lasse das Tamari weg [&hellip;]<\/p>\n","protected":false},"author":2,"featured_media":0,"parent":10701,"menu_order":0,"comment_status":"closed","ping_status":"closed","template":"","meta":{"_angie_page":false,"footnotes":""},"class_list":["post-10796","page","type-page","status-publish","hentry"],"_links":{"self":[{"href":"https:\/\/staging.sivananda.eu\/de\/wp-json\/wp\/v2\/pages\/10796","targetHints":{"allow":["GET"]}}],"collection":[{"href":"https:\/\/staging.sivananda.eu\/de\/wp-json\/wp\/v2\/pages"}],"about":[{"href":"https:\/\/staging.sivananda.eu\/de\/wp-json\/wp\/v2\/types\/page"}],"author":[{"embeddable":true,"href":"https:\/\/staging.sivananda.eu\/de\/wp-json\/wp\/v2\/users\/2"}],"replies":[{"embeddable":true,"href":"https:\/\/staging.sivananda.eu\/de\/wp-json\/wp\/v2\/comments?post=10796"}],"version-history":[{"count":5,"href":"https:\/\/staging.sivananda.eu\/de\/wp-json\/wp\/v2\/pages\/10796\/revisions"}],"predecessor-version":[{"id":10939,"href":"https:\/\/staging.sivananda.eu\/de\/wp-json\/wp\/v2\/pages\/10796\/revisions\/10939"}],"up":[{"embeddable":true,"href":"https:\/\/staging.sivananda.eu\/de\/wp-json\/wp\/v2\/pages\/10701"}],"wp:attachment":[{"href":"https:\/\/staging.sivananda.eu\/de\/wp-json\/wp\/v2\/media?parent=10796"}],"curies":[{"name":"wp","href":"https:\/\/api.w.org\/{rel}","templated":true}]}}