{"id":12012,"date":"2024-06-28T21:23:00","date_gmt":"2024-06-28T19:23:00","guid":{"rendered":"https:\/\/staging.sivananda.eu\/?page_id=12012"},"modified":"2026-04-06T10:36:55","modified_gmt":"2026-04-06T08:36:55","slug":"richtige-atmung","status":"publish","type":"page","link":"https:\/\/staging.sivananda.eu\/de\/sivananda-yoga\/5-punkte\/richtige-atmung\/","title":{"rendered":"Richtige Atmung"},"content":{"rendered":"\t\t<div data-elementor-type=\"wp-page\" data-elementor-id=\"12012\" class=\"elementor elementor-12012 elementor-2430\" data-elementor-post-type=\"page\">\n\t\t\t\t<div class=\"elementor-element elementor-element-12fe7161 e-con-full e-flex e-con e-parent\" data-id=\"12fe7161\" data-element_type=\"container\" data-e-type=\"container\" data-settings=\"{&quot;background_background&quot;:&quot;classic&quot;,&quot;jet_parallax_layout_list&quot;:[]}\">\n\t\t\t\t<div class=\"elementor-element elementor-element-16510ec3 elementor-invisible elementor-widget elementor-widget-heading\" data-id=\"16510ec3\" data-element_type=\"widget\" data-e-type=\"widget\" data-settings=\"{&quot;_animation&quot;:&quot;fadeInRight&quot;,&quot;_animation_mobile&quot;:&quot;none&quot;}\" data-widget_type=\"heading.default\">\n\t\t\t\t\t<p class=\"elementor-heading-title elementor-size-default\">Atmung<\/p>\t\t\t\t<\/div>\n\t\t\t\t<\/div>\n\t\t<div class=\"elementor-element elementor-element-a0da666 e-flex e-con-boxed e-con e-parent\" data-id=\"a0da666\" data-element_type=\"container\" data-e-type=\"container\" data-settings=\"{&quot;jet_parallax_layout_list&quot;:[]}\">\n\t\t\t\t\t<div class=\"e-con-inner\">\n\t\t\t\t<div class=\"elementor-element elementor-element-7999811 elementor-widget elementor-widget-template\" data-id=\"7999811\" data-element_type=\"widget\" data-e-type=\"widget\" data-widget_type=\"template.default\">\n\t\t\t\t<div class=\"elementor-widget-container\">\n\t\t\t\t\t\t\t<div class=\"elementor-template\">\n\t\t\t\t\t<div data-elementor-type=\"container\" data-elementor-id=\"11978\" class=\"elementor elementor-11978\" data-elementor-post-type=\"elementor_library\">\n\t\t\t\t<div class=\"elementor-element elementor-element-546f1127 e-flex e-con-boxed e-con e-parent\" data-id=\"546f1127\" data-element_type=\"container\" data-e-type=\"container\" data-settings=\"{&quot;background_background&quot;:&quot;classic&quot;,&quot;sticky&quot;:&quot;top&quot;,&quot;jet_parallax_layout_list&quot;:[],&quot;sticky_on&quot;:[&quot;widescreen&quot;,&quot;desktop&quot;,&quot;tablet_extra&quot;,&quot;tablet&quot;,&quot;mobile_extra&quot;,&quot;mobile&quot;],&quot;sticky_offset&quot;:0,&quot;sticky_effects_offset&quot;:0,&quot;sticky_anchor_link_offset&quot;:0}\">\n\t\t\t\t\t<div class=\"e-con-inner\">\n\t\t\t\t<div class=\"elementor-element elementor-element-2e5aabba e-fit_to_content e-n-menu-none activepage e-n-menu-layout-horizontal elementor-widget elementor-widget-n-menu\" data-id=\"2e5aabba\" data-element_type=\"widget\" data-e-type=\"widget\" data-settings=\"{&quot;content_width&quot;:&quot;fit_to_content&quot;,&quot;menu_items&quot;:[{&quot;item_title&quot;:&quot;Sivananda Yoga&quot;,&quot;_id&quot;:&quot;f79ab03&quot;,&quot;item_link&quot;:{&quot;url&quot;:&quot;https:\\\/\\\/staging.sivananda.eu\\\/de\\\/sivananda-yoga\\\/&quot;,&quot;is_external&quot;:&quot;&quot;,&quot;nofollow&quot;:&quot;&quot;,&quot;custom_attributes&quot;:&quot;&quot;},&quot;item_dropdown_content&quot;:&quot;&quot;,&quot;element_id&quot;:&quot;firstitem&quot;,&quot;__dynamic__&quot;:null,&quot;item_icon&quot;:{&quot;value&quot;:&quot;&quot;,&quot;library&quot;:&quot;&quot;},&quot;item_icon_active&quot;:null},{&quot;item_title&quot;:&quot;Yoga in 5 Punkten&quot;,&quot;_id&quot;:&quot;4fbd690&quot;,&quot;item_dropdown_content&quot;:&quot;yes&quot;,&quot;element_id&quot;:&quot;currentitem&quot;,&quot;__dynamic__&quot;:null,&quot;item_link&quot;:{&quot;url&quot;:&quot;&quot;,&quot;is_external&quot;:&quot;&quot;,&quot;nofollow&quot;:&quot;&quot;,&quot;custom_attributes&quot;:&quot;&quot;},&quot;item_icon&quot;:{&quot;value&quot;:&quot;&quot;,&quot;library&quot;:&quot;&quot;},&quot;item_icon_active&quot;:null},{&quot;item_title&quot;:&quot;Yoga-Meister&quot;,&quot;item_dropdown_content&quot;:&quot;yes&quot;,&quot;_id&quot;:&quot;a0ae245&quot;,&quot;__dynamic__&quot;:null,&quot;item_link&quot;:{&quot;url&quot;:&quot;&quot;,&quot;is_external&quot;:&quot;&quot;,&quot;nofollow&quot;:&quot;&quot;,&quot;custom_attributes&quot;:&quot;&quot;},&quot;item_icon&quot;:{&quot;value&quot;:&quot;&quot;,&quot;library&quot;:&quot;&quot;},&quot;item_icon_active&quot;:null,&quot;element_id&quot;:&quot;&quot;},{&quot;item_title&quot;:&quot;Zentren &amp; Ashrams in Europa&quot;,&quot;item_dropdown_content&quot;:&quot;&quot;,&quot;_id&quot;:&quot;017f1e5&quot;,&quot;item_link&quot;:{&quot;url&quot;:&quot;https:\\\/\\\/staging.sivananda.eu\\\/de\\\/sivananda-yoga\\\/zentren-ashrams-europa\\\/&quot;,&quot;is_external&quot;:&quot;&quot;,&quot;nofollow&quot;:&quot;&quot;,&quot;custom_attributes&quot;:&quot;&quot;},&quot;__dynamic__&quot;:null,&quot;item_icon&quot;:{&quot;value&quot;:&quot;&quot;,&quot;library&quot;:&quot;&quot;},&quot;item_icon_active&quot;:null,&quot;element_id&quot;:&quot;&quot;}],&quot;horizontal_scroll&quot;:&quot;enable&quot;,&quot;breakpoint_selector&quot;:&quot;none&quot;,&quot;item_position_horizontal&quot;:&quot;start&quot;,&quot;content_horizontal_position&quot;:&quot;center&quot;,&quot;item_layout&quot;:&quot;horizontal&quot;,&quot;open_on&quot;:&quot;hover&quot;,&quot;menu_item_title_distance_from_content&quot;:{&quot;unit&quot;:&quot;px&quot;,&quot;size&quot;:0,&quot;sizes&quot;:[]},&quot;menu_item_title_distance_from_content_widescreen&quot;:{&quot;unit&quot;:&quot;px&quot;,&quot;size&quot;:&quot;&quot;,&quot;sizes&quot;:[]},&quot;menu_item_title_distance_from_content_tablet_extra&quot;:{&quot;unit&quot;:&quot;px&quot;,&quot;size&quot;:&quot;&quot;,&quot;sizes&quot;:[]},&quot;menu_item_title_distance_from_content_tablet&quot;:{&quot;unit&quot;:&quot;px&quot;,&quot;size&quot;:&quot;&quot;,&quot;sizes&quot;:[]},&quot;menu_item_title_distance_from_content_mobile_extra&quot;:{&quot;unit&quot;:&quot;px&quot;,&quot;size&quot;:&quot;&quot;,&quot;sizes&quot;:[]},&quot;menu_item_title_distance_from_content_mobile&quot;:{&quot;unit&quot;:&quot;px&quot;,&quot;size&quot;:&quot;&quot;,&quot;sizes&quot;:[]}}\" data-widget_type=\"mega-menu.default\">\n\t\t\t\t\t\t\t<nav class=\"e-n-menu\" data-widget-number=\"777\" aria-label=\"Menu\">\n\t\t\t\t\t<button class=\"e-n-menu-toggle\" id=\"menu-toggle-777\" aria-haspopup=\"true\" aria-expanded=\"false\" aria-controls=\"menubar-777\" aria-label=\"Men\u00fc Umschalter\">\n\t\t\t<span class=\"e-n-menu-toggle-icon e-open\">\n\t\t\t\t<svg class=\"e-font-icon-svg e-eicon-menu-bar\" viewBox=\"0 0 1000 1000\" xmlns=\"http:\/\/www.w3.org\/2000\/svg\"><path d=\"M104 333H896C929 333 958 304 958 271S929 208 896 208H104C71 208 42 237 42 271S71 333 104 333ZM104 583H896C929 583 958 554 958 521S929 458 896 458H104C71 458 42 487 42 521S71 583 104 583ZM104 833H896C929 833 958 804 958 771S929 708 896 708H104C71 708 42 737 42 771S71 833 104 833Z\"><\/path><\/svg>\t\t\t<\/span>\n\t\t\t<span class=\"e-n-menu-toggle-icon e-close\">\n\t\t\t\t<svg class=\"e-font-icon-svg e-eicon-close\" viewBox=\"0 0 1000 1000\" xmlns=\"http:\/\/www.w3.org\/2000\/svg\"><path d=\"M742 167L500 408 258 167C246 154 233 150 217 150 196 150 179 158 167 167 154 179 150 196 150 212 150 229 154 242 171 254L408 500 167 742C138 771 138 800 167 829 196 858 225 858 254 829L496 587 738 829C750 842 767 846 783 846 800 846 817 842 829 829 842 817 846 804 846 783 846 767 842 750 829 737L588 500 833 258C863 229 863 200 833 171 804 137 775 137 742 167Z\"><\/path><\/svg>\t\t\t<\/span>\n\t\t<\/button>\n\t\t\t\t\t<div class=\"e-n-menu-wrapper\" id=\"menubar-777\" aria-labelledby=\"menu-toggle-777\">\n\t\t\t\t<ul class=\"e-n-menu-heading\">\n\t\t\t\t\t\t\t\t<li class=\"e-n-menu-item\">\n\t\t\t\t<div id=\"firstitem\" class=\"e-n-menu-title\">\n\t\t\t\t\t<a class=\"e-n-menu-title-container e-focus e-link\" href=\"https:\/\/staging.sivananda.eu\/de\/sivananda-yoga\/\">\t\t\t\t\t\t\t\t\t\t\t\t<span class=\"e-n-menu-title-text\">\n\t\t\t\t\t\t\tSivananda Yoga\t\t\t\t\t\t<\/span>\n\t\t\t\t\t<\/a>\t\t\t\t\t\t\t\t\t<\/div>\n\t\t\t\t\t\t\t<\/li>\n\t\t\t\t\t<li class=\"e-n-menu-item\">\n\t\t\t\t<div id=\"currentitem\" class=\"e-n-menu-title\">\n\t\t\t\t\t<div class=\"e-n-menu-title-container\">\t\t\t\t\t\t\t\t\t\t\t\t<span class=\"e-n-menu-title-text\">\n\t\t\t\t\t\t\tYoga in 5 Punkten\t\t\t\t\t\t<\/span>\n\t\t\t\t\t<\/div>\t\t\t\t\t\t\t\t\t\t\t<button id=\"e-n-menu-dropdown-icon-7772\" class=\"e-n-menu-dropdown-icon e-focus\" data-tab-index=\"2\" aria-haspopup=\"true\" aria-expanded=\"false\" aria-controls=\"e-n-menu-content-7772\" >\n\t\t\t\t\t\t\t<span class=\"e-n-menu-dropdown-icon-opened\">\n\t\t\t\t\t\t\t\t<svg aria-hidden=\"true\" class=\"e-font-icon-svg e-fas-caret-up\" viewBox=\"0 0 320 512\" xmlns=\"http:\/\/www.w3.org\/2000\/svg\"><path d=\"M288.662 352H31.338c-17.818 0-26.741-21.543-14.142-34.142l128.662-128.662c7.81-7.81 20.474-7.81 28.284 0l128.662 128.662c12.6 12.599 3.676 34.142-14.142 34.142z\"><\/path><\/svg>\t\t\t\t\t\t\t\t<span class=\"elementor-screen-only\">Schlie\u00dfe Yoga in 5 Punkten<\/span>\n\t\t\t\t\t\t\t<\/span>\n\t\t\t\t\t\t\t<span class=\"e-n-menu-dropdown-icon-closed\">\n\t\t\t\t\t\t\t\t<svg aria-hidden=\"true\" class=\"e-font-icon-svg e-fas-caret-down\" viewBox=\"0 0 320 512\" xmlns=\"http:\/\/www.w3.org\/2000\/svg\"><path d=\"M31.3 192h257.3c17.8 0 26.7 21.5 14.1 34.1L174.1 354.8c-7.8 7.8-20.5 7.8-28.3 0L17.2 226.1C4.6 213.5 13.5 192 31.3 192z\"><\/path><\/svg>\t\t\t\t\t\t\t\t<span class=\"elementor-screen-only\">\u00d6ffne Yoga in 5 Punkten<\/span>\n\t\t\t\t\t\t\t<\/span>\n\t\t\t\t\t\t<\/button>\n\t\t\t\t\t\t\t\t\t<\/div>\n\t\t\t\t\t\t\t\t\t<div class=\"e-n-menu-content\">\n\t\t\t\t\t\t<div id=\"e-n-menu-content-7772\" data-tab-index=\"2\" aria-labelledby=\"e-n-menu-dropdown-icon-7772\" class=\"elementor-element elementor-element-722dcaec e-flex e-con-boxed e-con e-child\" data-id=\"722dcaec\" data-element_type=\"container\" data-e-type=\"container\" data-settings=\"{&quot;background_background&quot;:&quot;classic&quot;,&quot;jet_parallax_layout_list&quot;:[]}\">\n\t\t\t\t\t<div class=\"e-con-inner\">\n\t\t\t\t<div class=\"elementor-element elementor-element-46615323 elementor-nav-menu__align-start elementor-nav-menu--dropdown-none itemhover elementor-widget elementor-widget-nav-menu\" data-id=\"46615323\" data-element_type=\"widget\" data-e-type=\"widget\" data-settings=\"{&quot;layout&quot;:&quot;vertical&quot;,&quot;submenu_icon&quot;:{&quot;value&quot;:&quot;&lt;svg aria-hidden=\\&quot;true\\&quot; class=\\&quot;e-font-icon-svg e-fas-caret-down\\&quot; viewBox=\\&quot;0 0 320 512\\&quot; xmlns=\\&quot;http:\\\/\\\/www.w3.org\\\/2000\\\/svg\\&quot;&gt;&lt;path d=\\&quot;M31.3 192h257.3c17.8 0 26.7 21.5 14.1 34.1L174.1 354.8c-7.8 7.8-20.5 7.8-28.3 0L17.2 226.1C4.6 213.5 13.5 192 31.3 192z\\&quot;&gt;&lt;\\\/path&gt;&lt;\\\/svg&gt;&quot;,&quot;library&quot;:&quot;fa-solid&quot;}}\" data-widget_type=\"nav-menu.default\">\n\t\t\t\t\t\t\t\t<nav aria-label=\"Menu\" class=\"elementor-nav-menu--main elementor-nav-menu__container elementor-nav-menu--layout-vertical e--pointer-none\">\n\t\t\t\t<ul id=\"menu-1-46615323\" class=\"elementor-nav-menu sm-vertical\"><li class=\"menu-item menu-item-type-post_type menu-item-object-page menu-item-8007\"><a href=\"https:\/\/staging.sivananda.eu\/en\/sivananda-yoga\/5-points\/\" class=\"elementor-item\">Yoga in 5 Punkten<\/a><\/li>\n<li class=\"menu-item menu-item-type-post_type menu-item-object-page menu-item-8002\"><a href=\"https:\/\/staging.sivananda.eu\/en\/sivananda-yoga\/5-points\/proper-exercise\/\" class=\"elementor-item\">Richtige K\u00f6rper\u00fcbungen<\/a><\/li>\n<li class=\"menu-item menu-item-type-post_type menu-item-object-page menu-item-8003\"><a href=\"https:\/\/staging.sivananda.eu\/en\/sivananda-yoga\/5-points\/proper-breathing\/\" class=\"elementor-item\">Richtige Atmung<\/a><\/li>\n<li class=\"menu-item menu-item-type-post_type menu-item-object-page menu-item-8004\"><a href=\"https:\/\/staging.sivananda.eu\/en\/sivananda-yoga\/5-points\/proper-relaxation\/\" class=\"elementor-item\">Richtige Entspannung<\/a><\/li>\n<li class=\"menu-item menu-item-type-post_type menu-item-object-page menu-item-8005\"><a href=\"https:\/\/staging.sivananda.eu\/en\/sivananda-yoga\/5-points\/proper-diet\/\" class=\"elementor-item\">Richtige Ern\u00e4hrung<\/a><\/li>\n<li class=\"menu-item menu-item-type-post_type menu-item-object-page menu-item-8006\"><a href=\"https:\/\/staging.sivananda.eu\/en\/sivananda-yoga\/5-points\/positive-thinking-and-meditation\/\" class=\"elementor-item\">Positives Denken und Meditation<\/a><\/li>\n<\/ul>\t\t\t<\/nav>\n\t\t\t\t\t\t<nav class=\"elementor-nav-menu--dropdown elementor-nav-menu__container\" aria-hidden=\"true\">\n\t\t\t\t<ul id=\"menu-2-46615323\" class=\"elementor-nav-menu sm-vertical\"><li class=\"menu-item menu-item-type-post_type menu-item-object-page menu-item-8007\"><a href=\"https:\/\/staging.sivananda.eu\/en\/sivananda-yoga\/5-points\/\" class=\"elementor-item\" tabindex=\"-1\">Yoga in 5 Punkten<\/a><\/li>\n<li class=\"menu-item menu-item-type-post_type menu-item-object-page menu-item-8002\"><a href=\"https:\/\/staging.sivananda.eu\/en\/sivananda-yoga\/5-points\/proper-exercise\/\" class=\"elementor-item\" tabindex=\"-1\">Richtige K\u00f6rper\u00fcbungen<\/a><\/li>\n<li class=\"menu-item menu-item-type-post_type menu-item-object-page menu-item-8003\"><a href=\"https:\/\/staging.sivananda.eu\/en\/sivananda-yoga\/5-points\/proper-breathing\/\" class=\"elementor-item\" tabindex=\"-1\">Richtige Atmung<\/a><\/li>\n<li class=\"menu-item menu-item-type-post_type menu-item-object-page menu-item-8004\"><a href=\"https:\/\/staging.sivananda.eu\/en\/sivananda-yoga\/5-points\/proper-relaxation\/\" class=\"elementor-item\" tabindex=\"-1\">Richtige Entspannung<\/a><\/li>\n<li class=\"menu-item menu-item-type-post_type menu-item-object-page menu-item-8005\"><a href=\"https:\/\/staging.sivananda.eu\/en\/sivananda-yoga\/5-points\/proper-diet\/\" class=\"elementor-item\" tabindex=\"-1\">Richtige Ern\u00e4hrung<\/a><\/li>\n<li class=\"menu-item menu-item-type-post_type menu-item-object-page menu-item-8006\"><a href=\"https:\/\/staging.sivananda.eu\/en\/sivananda-yoga\/5-points\/positive-thinking-and-meditation\/\" class=\"elementor-item\" tabindex=\"-1\">Positives Denken und Meditation<\/a><\/li>\n<\/ul>\t\t\t<\/nav>\n\t\t\t\t\t\t<\/div>\n\t\t\t\t\t<\/div>\n\t\t\t\t<\/div>\n\t\t\t\t\t\t\t<\/div>\n\t\t\t\t\t\t\t<\/li>\n\t\t\t\t\t<li class=\"e-n-menu-item\">\n\t\t\t\t<div id=\"e-n-menu-title-7773\" class=\"e-n-menu-title\">\n\t\t\t\t\t<div class=\"e-n-menu-title-container\">\t\t\t\t\t\t\t\t\t\t\t\t<span class=\"e-n-menu-title-text\">\n\t\t\t\t\t\t\tYoga-Meister\t\t\t\t\t\t<\/span>\n\t\t\t\t\t<\/div>\t\t\t\t\t\t\t\t\t\t\t<button id=\"e-n-menu-dropdown-icon-7773\" class=\"e-n-menu-dropdown-icon e-focus\" data-tab-index=\"3\" aria-haspopup=\"true\" aria-expanded=\"false\" aria-controls=\"e-n-menu-content-7773\" >\n\t\t\t\t\t\t\t<span class=\"e-n-menu-dropdown-icon-opened\">\n\t\t\t\t\t\t\t\t<svg aria-hidden=\"true\" class=\"e-font-icon-svg e-fas-caret-up\" viewBox=\"0 0 320 512\" xmlns=\"http:\/\/www.w3.org\/2000\/svg\"><path d=\"M288.662 352H31.338c-17.818 0-26.741-21.543-14.142-34.142l128.662-128.662c7.81-7.81 20.474-7.81 28.284 0l128.662 128.662c12.6 12.599 3.676 34.142-14.142 34.142z\"><\/path><\/svg>\t\t\t\t\t\t\t\t<span class=\"elementor-screen-only\">Schlie\u00dfe Yoga-Meister<\/span>\n\t\t\t\t\t\t\t<\/span>\n\t\t\t\t\t\t\t<span class=\"e-n-menu-dropdown-icon-closed\">\n\t\t\t\t\t\t\t\t<svg aria-hidden=\"true\" class=\"e-font-icon-svg e-fas-caret-down\" viewBox=\"0 0 320 512\" xmlns=\"http:\/\/www.w3.org\/2000\/svg\"><path d=\"M31.3 192h257.3c17.8 0 26.7 21.5 14.1 34.1L174.1 354.8c-7.8 7.8-20.5 7.8-28.3 0L17.2 226.1C4.6 213.5 13.5 192 31.3 192z\"><\/path><\/svg>\t\t\t\t\t\t\t\t<span class=\"elementor-screen-only\">\u00d6ffne Yoga-Meister<\/span>\n\t\t\t\t\t\t\t<\/span>\n\t\t\t\t\t\t<\/button>\n\t\t\t\t\t\t\t\t\t<\/div>\n\t\t\t\t\t\t\t\t\t<div class=\"e-n-menu-content\">\n\t\t\t\t\t\t<div id=\"e-n-menu-content-7773\" data-tab-index=\"3\" aria-labelledby=\"e-n-menu-dropdown-icon-7773\" class=\"elementor-element elementor-element-6dda14ce e-flex e-con-boxed e-con e-child\" data-id=\"6dda14ce\" data-element_type=\"container\" data-e-type=\"container\" data-settings=\"{&quot;jet_parallax_layout_list&quot;:[]}\">\n\t\t\t\t\t<div class=\"e-con-inner\">\n\t\t\t\t<div class=\"elementor-element elementor-element-85d6cce elementor-nav-menu__align-start elementor-nav-menu--dropdown-none itemhover elementor-widget elementor-widget-nav-menu\" data-id=\"85d6cce\" data-element_type=\"widget\" data-e-type=\"widget\" data-settings=\"{&quot;layout&quot;:&quot;vertical&quot;,&quot;submenu_icon&quot;:{&quot;value&quot;:&quot;&lt;svg aria-hidden=\\&quot;true\\&quot; class=\\&quot;e-font-icon-svg e-fas-caret-down\\&quot; viewBox=\\&quot;0 0 320 512\\&quot; xmlns=\\&quot;http:\\\/\\\/www.w3.org\\\/2000\\\/svg\\&quot;&gt;&lt;path d=\\&quot;M31.3 192h257.3c17.8 0 26.7 21.5 14.1 34.1L174.1 354.8c-7.8 7.8-20.5 7.8-28.3 0L17.2 226.1C4.6 213.5 13.5 192 31.3 192z\\&quot;&gt;&lt;\\\/path&gt;&lt;\\\/svg&gt;&quot;,&quot;library&quot;:&quot;fa-solid&quot;}}\" data-widget_type=\"nav-menu.default\">\n\t\t\t\t\t\t\t\t<nav aria-label=\"Menu\" class=\"elementor-nav-menu--main elementor-nav-menu__container elementor-nav-menu--layout-vertical e--pointer-none\">\n\t\t\t\t<ul id=\"menu-1-85d6cce\" class=\"elementor-nav-menu sm-vertical\"><li class=\"menu-item menu-item-type-post_type menu-item-object-page menu-item-8074\"><a href=\"https:\/\/staging.sivananda.eu\/en\/sivananda-yoga\/swami-sivananda\/\" class=\"elementor-item\">Biographie Swami Sivananda<\/a><\/li>\n<li class=\"menu-item menu-item-type-post_type menu-item-object-page menu-item-8206\"><a href=\"https:\/\/staging.sivananda.eu\/en\/sivananda-yoga\/swami-vishnudevananda\/\" class=\"elementor-item\">Biographie Swami Vishnudevananda<\/a><\/li>\n<\/ul>\t\t\t<\/nav>\n\t\t\t\t\t\t<nav class=\"elementor-nav-menu--dropdown elementor-nav-menu__container\" aria-hidden=\"true\">\n\t\t\t\t<ul id=\"menu-2-85d6cce\" class=\"elementor-nav-menu sm-vertical\"><li class=\"menu-item menu-item-type-post_type menu-item-object-page menu-item-8074\"><a href=\"https:\/\/staging.sivananda.eu\/en\/sivananda-yoga\/swami-sivananda\/\" class=\"elementor-item\" tabindex=\"-1\">Biographie Swami Sivananda<\/a><\/li>\n<li class=\"menu-item menu-item-type-post_type menu-item-object-page menu-item-8206\"><a href=\"https:\/\/staging.sivananda.eu\/en\/sivananda-yoga\/swami-vishnudevananda\/\" class=\"elementor-item\" tabindex=\"-1\">Biographie Swami Vishnudevananda<\/a><\/li>\n<\/ul>\t\t\t<\/nav>\n\t\t\t\t\t\t<\/div>\n\t\t\t\t\t<\/div>\n\t\t\t\t<\/div>\n\t\t\t\t\t\t\t<\/div>\n\t\t\t\t\t\t\t<\/li>\n\t\t\t\t\t<li class=\"e-n-menu-item\">\n\t\t\t\t<div id=\"e-n-menu-title-7774\" class=\"e-n-menu-title\">\n\t\t\t\t\t<a class=\"e-n-menu-title-container e-focus e-link\" href=\"https:\/\/staging.sivananda.eu\/de\/sivananda-yoga\/zentren-ashrams-europa\/\">\t\t\t\t\t\t\t\t\t\t\t\t<span class=\"e-n-menu-title-text\">\n\t\t\t\t\t\t\tZentren & Ashrams in Europa\t\t\t\t\t\t<\/span>\n\t\t\t\t\t<\/a>\t\t\t\t\t\t\t\t\t<\/div>\n\t\t\t\t\t\t\t<\/li>\n\t\t\t\t\t\t<\/ul>\n\t\t\t<\/div>\n\t\t<\/nav>\n\t\t\t\t\t\t<\/div>\n\t\t\t\t<div class=\"elementor-element elementor-element-2bb17887 elementor-hidden-mobile_extra elementor-hidden-mobile elementor-align-center elementor-hidden-tablet_extra elementor-hidden-tablet elementor-widget elementor-widget-button\" data-id=\"2bb17887\" data-element_type=\"widget\" data-e-type=\"widget\" data-widget_type=\"button.default\">\n\t\t\t\t\t\t\t\t\t\t<a class=\"elementor-button elementor-button-link elementor-size-sm elementor-animation-grow\" href=\"#\" target=\"_blank\">\n\t\t\t\t\t\t<span class=\"elementor-button-content-wrapper\">\n\t\t\t\t\t\t\t\t\t<span class=\"elementor-button-text\">Kontaktiere uns<\/span>\n\t\t\t\t\t<\/span>\n\t\t\t\t\t<\/a>\n\t\t\t\t\t\t\t\t<\/div>\n\t\t\t\t\t<\/div>\n\t\t\t\t<\/div>\n\t\t\t\t<\/div>\n\t\t\t\t<\/div>\n\t\t\t\t\t\t<\/div>\n\t\t\t\t<\/div>\n\t\t\t\t\t<\/div>\n\t\t\t\t<\/div>\n\t\t<div class=\"elementor-element elementor-element-8946c86 e-flex e-con-boxed e-con e-parent\" data-id=\"8946c86\" data-element_type=\"container\" data-e-type=\"container\" data-settings=\"{&quot;jet_parallax_layout_list&quot;:[]}\">\n\t\t\t\t\t<div class=\"e-con-inner\">\n\t\t\t\t<div class=\"elementor-element elementor-element-3c2d310 elementor-widget elementor-widget-template\" data-id=\"3c2d310\" data-element_type=\"widget\" data-e-type=\"widget\" data-widget_type=\"template.default\">\n\t\t\t\t<div class=\"elementor-widget-container\">\n\t\t\t\t\t\t\t<div class=\"elementor-template\">\n\t\t\t\t\t<div data-elementor-type=\"container\" data-elementor-id=\"4127\" class=\"elementor elementor-4127\" data-elementor-post-type=\"elementor_library\">\n\t\t\t\t<div class=\"elementor-element elementor-element-77c5128e e-flex e-con-boxed e-con e-parent\" data-id=\"77c5128e\" data-element_type=\"container\" data-e-type=\"container\" data-settings=\"{&quot;background_background&quot;:&quot;classic&quot;,&quot;jet_parallax_layout_list&quot;:[]}\">\n\t\t\t\t\t<div class=\"e-con-inner\">\n\t\t\t\t<div class=\"elementor-element elementor-element-2cdd92ef elementor-widget elementor-widget-shortcode\" data-id=\"2cdd92ef\" data-element_type=\"widget\" data-e-type=\"widget\" data-widget_type=\"shortcode.default\">\n\t\t\t\t\t\t\t<div class=\"elementor-shortcode\"><nav aria-label=\"breadcrumbs\" class=\"rank-math-breadcrumb\"><p><span class=\"last\">Home<\/span><\/p><\/nav><\/div>\n\t\t\t\t\t\t<\/div>\n\t\t\t\t\t<\/div>\n\t\t\t\t<\/div>\n\t\t\t\t<\/div>\n\t\t\t\t<\/div>\n\t\t\t\t\t\t<\/div>\n\t\t\t\t<\/div>\n\t\t\t\t\t<\/div>\n\t\t\t\t<\/div>\n\t\t<div class=\"elementor-element elementor-element-474406ee e-flex e-con-boxed e-con e-parent\" data-id=\"474406ee\" data-element_type=\"container\" data-e-type=\"container\" data-settings=\"{&quot;jet_parallax_layout_list&quot;:[]}\">\n\t\t\t\t\t<div class=\"e-con-inner\">\n\t\t<div class=\"elementor-element elementor-element-46435fdd e-con-full e-flex e-con e-child\" data-id=\"46435fdd\" data-element_type=\"container\" data-e-type=\"container\" data-settings=\"{&quot;jet_parallax_layout_list&quot;:[]}\">\n\t\t\t\t<div class=\"elementor-element elementor-element-5a6ac086 elementor-widget elementor-widget-heading\" data-id=\"5a6ac086\" data-element_type=\"widget\" data-e-type=\"widget\" data-widget_type=\"heading.default\">\n\t\t\t\t\t<h1 class=\"elementor-heading-title elementor-size-default\">Richtige Atmung (Pranayama)<\/h1>\t\t\t\t<\/div>\n\t\t\t\t<div class=\"elementor-element elementor-element-119fc85b elementor-widget-divider--view-line elementor-widget elementor-widget-divider\" data-id=\"119fc85b\" data-element_type=\"widget\" data-e-type=\"widget\" data-widget_type=\"divider.default\">\n\t\t\t\t\t\t\t<div class=\"elementor-divider\">\n\t\t\t<span class=\"elementor-divider-separator\">\n\t\t\t\t\t\t<\/span>\n\t\t<\/div>\n\t\t\t\t\t\t<\/div>\n\t\t\t\t<div class=\"elementor-element elementor-element-1fc79f7a elementor-widget elementor-widget-heading\" data-id=\"1fc79f7a\" data-element_type=\"widget\" data-e-type=\"widget\" data-widget_type=\"heading.default\">\n\t\t\t\t\t<p class=\"elementor-heading-title elementor-size-default\">Yoga in 5 Punkten<\/p>\t\t\t\t<\/div>\n\t\t\t\t<\/div>\n\t\t<div class=\"elementor-element elementor-element-3d4b92bc e-con-full e-flex e-con e-child\" data-id=\"3d4b92bc\" data-element_type=\"container\" data-e-type=\"container\" data-settings=\"{&quot;jet_parallax_layout_list&quot;:[]}\">\n\t\t\t\t<div class=\"elementor-element elementor-element-739f0fc6 elementor-widget elementor-widget-text-editor\" data-id=\"739f0fc6\" data-element_type=\"widget\" data-e-type=\"widget\" data-widget_type=\"text-editor.default\">\n\t\t\t\t\t\t\t\t\t<h3>Energie durch Atmung<\/h3><p>Richtige Atmung verbindet den K\u00f6rper mit seiner Batterie, dem Solar Plexus, wo enorme Energiereserven gespeichert sind. Durch die Atemtechniken des Pranayama wird diese Energie zur k\u00f6rperlichen und geistigen Belebung freigesetzt. Wenn wir unsere Atmung bewusst regulieren, sind wir in der Lage, mehr Prana (Lebensenergie) zu speichern und im Alltag auf diese Energiereserven zur\u00fcckzugreifen.<\/p><h3>Atmen will gelernt sein\u2026<\/h3><p>Die meisten Menschen benutzen beim Atmen nur einen geringen Teil ihrer Lungenkapazit\u00e4t. Sie atmen oberfl\u00e4chlich mit nach vorne fallenden Schultern, was Sauerstoffmangel und Verspannungen im oberen Teil des R\u00fcckens und im Nacken zur Folge hat. Stress und Depressionen k\u00f6nnen mit tiefer und bewusster Zwerchfellatmung \u00fcberwunden werden. Ein Mensch mit viel Prana strahlt des weiteren auch \u00e4u\u00dferlich Vitalit\u00e4t und Kraft aus.<\/p><h3>Das Geheimnis des Heilens<\/h3><p>Kontrolle des Pranas f\u00fchrt zur Kontrolle des Geistes. Viele Krankheiten k\u00f6nnen an ihrer Wurzel allein durch Regulieren des Pranas \u00fcberwunden werden: das ist das Geheimnis des Heilens. Akupunktur, Shiatsu, Geistheilung, Handauflegen usw. sind alles Beispiele einer hochgradigen Entwicklung der bewussten oder unbewussten Kontrolle von Prana.<\/p>\t\t\t\t\t\t\t\t<\/div>\n\t\t\t\t<\/div>\n\t\t\t\t\t<\/div>\n\t\t\t\t<\/div>\n\t\t\t\t<\/div>\n\t\t","protected":false},"excerpt":{"rendered":"<p>Atmung Richtige Atmung (Pranayama) Yoga in 5 Punkten Energie durch Atmung Richtige Atmung verbindet den K\u00f6rper mit seiner Batterie, dem Solar Plexus, wo enorme Energiereserven gespeichert sind. Durch die Atemtechniken des Pranayama wird diese Energie zur k\u00f6rperlichen und geistigen Belebung freigesetzt. Wenn wir unsere Atmung bewusst regulieren, sind wir in der Lage, mehr Prana (Lebensenergie) [&hellip;]<\/p>\n","protected":false},"author":2,"featured_media":0,"parent":7967,"menu_order":0,"comment_status":"closed","ping_status":"closed","template":"","meta":{"_angie_page":false,"footnotes":""},"class_list":["post-12012","page","type-page","status-publish","hentry"],"_links":{"self":[{"href":"https:\/\/staging.sivananda.eu\/de\/wp-json\/wp\/v2\/pages\/12012","targetHints":{"allow":["GET"]}}],"collection":[{"href":"https:\/\/staging.sivananda.eu\/de\/wp-json\/wp\/v2\/pages"}],"about":[{"href":"https:\/\/staging.sivananda.eu\/de\/wp-json\/wp\/v2\/types\/page"}],"author":[{"embeddable":true,"href":"https:\/\/staging.sivananda.eu\/de\/wp-json\/wp\/v2\/users\/2"}],"replies":[{"embeddable":true,"href":"https:\/\/staging.sivananda.eu\/de\/wp-json\/wp\/v2\/comments?post=12012"}],"version-history":[{"count":4,"href":"https:\/\/staging.sivananda.eu\/de\/wp-json\/wp\/v2\/pages\/12012\/revisions"}],"predecessor-version":[{"id":12016,"href":"https:\/\/staging.sivananda.eu\/de\/wp-json\/wp\/v2\/pages\/12012\/revisions\/12016"}],"up":[{"embeddable":true,"href":"https:\/\/staging.sivananda.eu\/de\/wp-json\/wp\/v2\/pages\/7967"}],"wp:attachment":[{"href":"https:\/\/staging.sivananda.eu\/de\/wp-json\/wp\/v2\/media?parent=12012"}],"curies":[{"name":"wp","href":"https:\/\/api.w.org\/{rel}","templated":true}]}}