{"id":7948,"date":"2025-12-22T09:58:53","date_gmt":"2025-12-22T08:58:53","guid":{"rendered":"https:\/\/staging.sivananda.eu\/?page_id=7948"},"modified":"2025-12-22T10:47:47","modified_gmt":"2025-12-22T09:47:47","slug":"universelles-gebet","status":"publish","type":"page","link":"https:\/\/staging.sivananda.eu\/de\/yoga\/philosophie\/vier-yoga-wege\/bhakti-yoga\/universelles-gebet\/","title":{"rendered":"Universelles Gebet"},"content":{"rendered":"\t\t<div data-elementor-type=\"wp-page\" data-elementor-id=\"7948\" class=\"elementor elementor-7948 elementor-7913\" data-elementor-post-type=\"page\">\n\t\t\t\t<div class=\"elementor-element elementor-element-2d1473a e-flex e-con-boxed e-con e-parent\" data-id=\"2d1473a\" data-element_type=\"container\" data-e-type=\"container\" data-settings=\"{&quot;background_background&quot;:&quot;classic&quot;,&quot;jet_parallax_layout_list&quot;:[]}\">\n\t\t\t\t\t<div class=\"e-con-inner\">\n\t\t\t\t<div class=\"elementor-element elementor-element-356449d9 elementor-invisible elementor-widget elementor-widget-heading\" data-id=\"356449d9\" data-element_type=\"widget\" data-e-type=\"widget\" data-settings=\"{&quot;_animation&quot;:&quot;slideInUp&quot;,&quot;_animation_mobile&quot;:&quot;none&quot;}\" data-widget_type=\"heading.default\">\n\t\t\t\t\t<p class=\"elementor-heading-title elementor-size-default\">Universelles Gebet<\/p>\t\t\t\t<\/div>\n\t\t\t\t\t<\/div>\n\t\t\t\t<\/div>\n\t\t<div class=\"elementor-element elementor-element-46ecede5 e-flex e-con-boxed e-con e-parent\" data-id=\"46ecede5\" data-element_type=\"container\" data-e-type=\"container\" data-settings=\"{&quot;jet_parallax_layout_list&quot;:[]}\">\n\t\t\t\t\t<div class=\"e-con-inner\">\n\t\t\t\t<div class=\"elementor-element elementor-element-4a3f1d75 elementor-widget elementor-widget-template\" data-id=\"4a3f1d75\" data-element_type=\"widget\" data-e-type=\"widget\" data-widget_type=\"template.default\">\n\t\t\t\t<div class=\"elementor-widget-container\">\n\t\t\t\t\t\t\t<div class=\"elementor-template\">\n\t\t\t\t\t<div data-elementor-type=\"container\" data-elementor-id=\"4127\" class=\"elementor elementor-4127\" data-elementor-post-type=\"elementor_library\">\n\t\t\t\t<div class=\"elementor-element elementor-element-77c5128e e-flex e-con-boxed e-con e-parent\" data-id=\"77c5128e\" data-element_type=\"container\" data-e-type=\"container\" data-settings=\"{&quot;background_background&quot;:&quot;classic&quot;,&quot;jet_parallax_layout_list&quot;:[]}\">\n\t\t\t\t\t<div class=\"e-con-inner\">\n\t\t\t\t<div class=\"elementor-element elementor-element-2cdd92ef elementor-widget elementor-widget-shortcode\" data-id=\"2cdd92ef\" data-element_type=\"widget\" data-e-type=\"widget\" data-widget_type=\"shortcode.default\">\n\t\t\t\t\t\t\t<div class=\"elementor-shortcode\"><nav aria-label=\"breadcrumbs\" class=\"rank-math-breadcrumb\"><p><span class=\"last\">Home<\/span><\/p><\/nav><\/div>\n\t\t\t\t\t\t<\/div>\n\t\t\t\t\t<\/div>\n\t\t\t\t<\/div>\n\t\t\t\t<\/div>\n\t\t\t\t<\/div>\n\t\t\t\t\t\t<\/div>\n\t\t\t\t<\/div>\n\t\t\t\t\t<\/div>\n\t\t\t\t<\/div>\n\t\t<div class=\"elementor-element elementor-element-4b021077 e-flex e-con-boxed e-con e-parent\" data-id=\"4b021077\" data-element_type=\"container\" data-e-type=\"container\" data-settings=\"{&quot;background_background&quot;:&quot;classic&quot;,&quot;jet_parallax_layout_list&quot;:[]}\">\n\t\t\t\t\t<div class=\"e-con-inner\">\n\t\t<div class=\"elementor-element elementor-element-2a0073a5 e-con-full e-flex e-con e-child\" data-id=\"2a0073a5\" data-element_type=\"container\" data-e-type=\"container\" data-settings=\"{&quot;jet_parallax_layout_list&quot;:[]}\">\n\t\t\t\t<div class=\"elementor-element elementor-element-7588079b elementor-widget elementor-widget-heading\" data-id=\"7588079b\" data-element_type=\"widget\" data-e-type=\"widget\" data-widget_type=\"heading.default\">\n\t\t\t\t\t<h1 class=\"elementor-heading-title elementor-size-default\">Universelles Gebet<\/h1>\t\t\t\t<\/div>\n\t\t\t\t<div class=\"elementor-element elementor-element-6ecfa2f7 elementor-widget-divider--view-line elementor-widget elementor-widget-divider\" data-id=\"6ecfa2f7\" data-element_type=\"widget\" data-e-type=\"widget\" data-widget_type=\"divider.default\">\n\t\t\t\t\t\t\t<div class=\"elementor-divider\">\n\t\t\t<span class=\"elementor-divider-separator\">\n\t\t\t\t\t\t<\/span>\n\t\t<\/div>\n\t\t\t\t\t\t<\/div>\n\t\t\t\t<\/div>\n\t\t<div class=\"elementor-element elementor-element-2c4c28be e-con-full e-flex e-con e-child\" data-id=\"2c4c28be\" data-element_type=\"container\" data-e-type=\"container\" data-settings=\"{&quot;jet_parallax_layout_list&quot;:[]}\">\n\t\t\t\t<div class=\"elementor-element elementor-element-252692c7 elementor-widget elementor-widget-text-editor\" data-id=\"252692c7\" data-element_type=\"widget\" data-e-type=\"widget\" data-widget_type=\"text-editor.default\">\n\t\t\t\t\t\t\t\t\t<p>Oh, anbetungsw\u00fcrdiger Herr, voll Barmherzigkeit und Liebe<br \/>Gru\u00df Dir, in Demut gebeugt<br \/>Sein ist Dein Wesen, Wissen und Seligkeit<br \/>Allgegenw\u00e4rtig bist Du, allm\u00e4chtig, allwissend<br \/>Im Innern aller Wesen wohnst Du<br \/>Gib uns ein verstehendes Herz, die rechte Einsicht, <br \/>ausgeglichenes Gem\u00fct, Vertrauen, Hingebung und Weisheit<br \/>Lege in uns geistige Kraft, Versuchungen zu widerstehen,<br \/>Denken und Wollen zu beherrschen<br \/>Befreie uns von Selbstsucht, Gier, Zorn und Ha\u00df,<br \/>Erf\u00fclle unser Herz mit g\u00f6ttlichen Tugenden<br \/>Lass uns Dich erschauen in all den Namen und Gestalten<br \/>Lass uns Dir dienen in all den Namen und Gestalten<br \/>Lass uns allezeit Deiner gedenken<br \/>Lass uns stets Deine Herrlichkeit singen<br \/>Lass Deinen Namen stets auf unseren Lippen sein<br \/>Lass uns in Dir bleiben allezeit.<\/p><p>~ Swami Sivananda<\/p>\t\t\t\t\t\t\t\t<\/div>\n\t\t\t\t<\/div>\n\t\t\t\t\t<\/div>\n\t\t\t\t<\/div>\n\t\t\t\t<\/div>\n\t\t","protected":false},"excerpt":{"rendered":"<p>Universelles Gebet Universelles Gebet Oh, anbetungsw\u00fcrdiger Herr, voll Barmherzigkeit und LiebeGru\u00df Dir, in Demut gebeugtSein ist Dein Wesen, Wissen und SeligkeitAllgegenw\u00e4rtig bist Du, allm\u00e4chtig, allwissendIm Innern aller Wesen wohnst DuGib uns ein verstehendes Herz, die rechte Einsicht, ausgeglichenes Gem\u00fct, Vertrauen, Hingebung und WeisheitLege in uns geistige Kraft, Versuchungen zu widerstehen,Denken und Wollen zu beherrschenBefreie uns [&hellip;]<\/p>\n","protected":false},"author":2,"featured_media":0,"parent":7943,"menu_order":0,"comment_status":"closed","ping_status":"closed","template":"","meta":{"_angie_page":false,"footnotes":""},"class_list":["post-7948","page","type-page","status-publish","hentry"],"_links":{"self":[{"href":"https:\/\/staging.sivananda.eu\/de\/wp-json\/wp\/v2\/pages\/7948","targetHints":{"allow":["GET"]}}],"collection":[{"href":"https:\/\/staging.sivananda.eu\/de\/wp-json\/wp\/v2\/pages"}],"about":[{"href":"https:\/\/staging.sivananda.eu\/de\/wp-json\/wp\/v2\/types\/page"}],"author":[{"embeddable":true,"href":"https:\/\/staging.sivananda.eu\/de\/wp-json\/wp\/v2\/users\/2"}],"replies":[{"embeddable":true,"href":"https:\/\/staging.sivananda.eu\/de\/wp-json\/wp\/v2\/comments?post=7948"}],"version-history":[{"count":0,"href":"https:\/\/staging.sivananda.eu\/de\/wp-json\/wp\/v2\/pages\/7948\/revisions"}],"up":[{"embeddable":true,"href":"https:\/\/staging.sivananda.eu\/de\/wp-json\/wp\/v2\/pages\/7943"}],"wp:attachment":[{"href":"https:\/\/staging.sivananda.eu\/de\/wp-json\/wp\/v2\/media?parent=7948"}],"curies":[{"name":"wp","href":"https:\/\/api.w.org\/{rel}","templated":true}]}}