{"id":7953,"date":"2025-12-22T09:58:53","date_gmt":"2025-12-22T08:58:53","guid":{"rendered":"https:\/\/staging.sivananda.eu\/?page_id=7953"},"modified":"2025-12-22T10:49:42","modified_gmt":"2025-12-22T09:49:42","slug":"oracion-universal","status":"publish","type":"page","link":"https:\/\/staging.sivananda.eu\/es\/yoga\/filosofia\/las-4-sendas-del-yoga\/bhakti-yoga\/oracion-universal\/","title":{"rendered":"Oraci\u00f3n Universal"},"content":{"rendered":"\t\t<div data-elementor-type=\"wp-page\" data-elementor-id=\"7953\" class=\"elementor elementor-7953 elementor-7913\" data-elementor-post-type=\"page\">\n\t\t\t\t<div class=\"elementor-element elementor-element-2d1473a e-flex e-con-boxed e-con e-parent\" data-id=\"2d1473a\" data-element_type=\"container\" data-e-type=\"container\" data-settings=\"{&quot;background_background&quot;:&quot;classic&quot;,&quot;jet_parallax_layout_list&quot;:[]}\">\n\t\t\t\t\t<div class=\"e-con-inner\">\n\t\t\t\t<div class=\"elementor-element elementor-element-356449d9 elementor-invisible elementor-widget elementor-widget-heading\" data-id=\"356449d9\" data-element_type=\"widget\" data-e-type=\"widget\" data-settings=\"{&quot;_animation&quot;:&quot;slideInUp&quot;,&quot;_animation_mobile&quot;:&quot;none&quot;}\" data-widget_type=\"heading.default\">\n\t\t\t\t\t<p class=\"elementor-heading-title elementor-size-default\">Oraci\u00f3n Universal<\/p>\t\t\t\t<\/div>\n\t\t\t\t\t<\/div>\n\t\t\t\t<\/div>\n\t\t<div class=\"elementor-element elementor-element-46ecede5 e-flex e-con-boxed e-con e-parent\" data-id=\"46ecede5\" data-element_type=\"container\" data-e-type=\"container\" data-settings=\"{&quot;jet_parallax_layout_list&quot;:[]}\">\n\t\t\t\t\t<div class=\"e-con-inner\">\n\t\t\t\t<div class=\"elementor-element elementor-element-4a3f1d75 elementor-widget elementor-widget-template\" data-id=\"4a3f1d75\" data-element_type=\"widget\" data-e-type=\"widget\" data-widget_type=\"template.default\">\n\t\t\t\t<div class=\"elementor-widget-container\">\n\t\t\t\t\t\t\t<div class=\"elementor-template\">\n\t\t\t\t\t<div data-elementor-type=\"container\" data-elementor-id=\"4127\" class=\"elementor elementor-4127\" data-elementor-post-type=\"elementor_library\">\n\t\t\t\t<div class=\"elementor-element elementor-element-77c5128e e-flex e-con-boxed e-con e-parent\" data-id=\"77c5128e\" data-element_type=\"container\" data-e-type=\"container\" data-settings=\"{&quot;background_background&quot;:&quot;classic&quot;,&quot;jet_parallax_layout_list&quot;:[]}\">\n\t\t\t\t\t<div class=\"e-con-inner\">\n\t\t\t\t<div class=\"elementor-element elementor-element-2cdd92ef elementor-widget elementor-widget-shortcode\" data-id=\"2cdd92ef\" data-element_type=\"widget\" data-e-type=\"widget\" data-widget_type=\"shortcode.default\">\n\t\t\t\t\t\t\t<div class=\"elementor-shortcode\"><nav aria-label=\"breadcrumbs\" class=\"rank-math-breadcrumb\"><p><span class=\"last\">Home<\/span><\/p><\/nav><\/div>\n\t\t\t\t\t\t<\/div>\n\t\t\t\t\t<\/div>\n\t\t\t\t<\/div>\n\t\t\t\t<\/div>\n\t\t\t\t<\/div>\n\t\t\t\t\t\t<\/div>\n\t\t\t\t<\/div>\n\t\t\t\t\t<\/div>\n\t\t\t\t<\/div>\n\t\t<div class=\"elementor-element elementor-element-4b021077 e-flex e-con-boxed e-con e-parent\" data-id=\"4b021077\" data-element_type=\"container\" data-e-type=\"container\" data-settings=\"{&quot;background_background&quot;:&quot;classic&quot;,&quot;jet_parallax_layout_list&quot;:[]}\">\n\t\t\t\t\t<div class=\"e-con-inner\">\n\t\t<div class=\"elementor-element elementor-element-2a0073a5 e-con-full e-flex e-con e-child\" data-id=\"2a0073a5\" data-element_type=\"container\" data-e-type=\"container\" data-settings=\"{&quot;jet_parallax_layout_list&quot;:[]}\">\n\t\t\t\t<div class=\"elementor-element elementor-element-7588079b elementor-widget elementor-widget-heading\" data-id=\"7588079b\" data-element_type=\"widget\" data-e-type=\"widget\" data-widget_type=\"heading.default\">\n\t\t\t\t\t<h1 class=\"elementor-heading-title elementor-size-default\">Oraci\u00f3n Universal<\/h1>\t\t\t\t<\/div>\n\t\t\t\t<div class=\"elementor-element elementor-element-6ecfa2f7 elementor-widget-divider--view-line elementor-widget elementor-widget-divider\" data-id=\"6ecfa2f7\" data-element_type=\"widget\" data-e-type=\"widget\" data-widget_type=\"divider.default\">\n\t\t\t\t\t\t\t<div class=\"elementor-divider\">\n\t\t\t<span class=\"elementor-divider-separator\">\n\t\t\t\t\t\t<\/span>\n\t\t<\/div>\n\t\t\t\t\t\t<\/div>\n\t\t\t\t<\/div>\n\t\t<div class=\"elementor-element elementor-element-2c4c28be e-con-full e-flex e-con e-child\" data-id=\"2c4c28be\" data-element_type=\"container\" data-e-type=\"container\" data-settings=\"{&quot;jet_parallax_layout_list&quot;:[]}\">\n\t\t\t\t<div class=\"elementor-element elementor-element-252692c7 elementor-widget elementor-widget-text-editor\" data-id=\"252692c7\" data-element_type=\"widget\" data-e-type=\"widget\" data-widget_type=\"text-editor.default\">\n\t\t\t\t\t\t\t\t\t<p>\u00a1Oh! Adorable Dios de misericordia y amor<\/p><p>Te saludamos y nos postramos ante Ti<\/p><p>T\u00fa eres Omnipresente, Omnipotente y Omnisciente<\/p><p>T\u00fa eres Saccidananda.<\/p><p>T\u00fa eres Existencia, Conocimiento y Bienaventuranza absolutos<\/p><p>T\u00fa estas en el coraz\u00f3n de todos los seres<\/p><p>\u00a0<\/p><p>Danos visi\u00f3n clara, mente equilibrada, fe, devoci\u00f3n y sabidur\u00eda.<\/p><p>Danos fuerza espiritual para resistir la tentaci\u00f3n y controlar la mente.<\/p><p>L\u00edbranos de la c\u00f3lera, la avaricia, la lujuria, el odio, el deseo y los celos.<\/p><p>Llena nuestros corazones con virtudes divinas<\/p><p>\u00a0<\/p><p>D\u00e9janos adorarte bajo todos los nombres y todas las formas.<\/p><p>D\u00e9janos servirte bajo todos los nombres y todas las formas<\/p><p>D\u00e9janos recordarte siempre<\/p><p>D\u00e9janos cantar tus glorias<\/p><p>Deja que tu nombre este siempre en nuestros labios<\/p><p>D\u00e9janos morar en Ti por los siglos de los siglos<\/p><p>\u00a0<\/p><p>~ Swami Sivananda<\/p>\t\t\t\t\t\t\t\t<\/div>\n\t\t\t\t<\/div>\n\t\t\t\t\t<\/div>\n\t\t\t\t<\/div>\n\t\t\t\t<\/div>\n\t\t","protected":false},"excerpt":{"rendered":"<p>Oraci\u00f3n Universal Oraci\u00f3n Universal \u00a1Oh! Adorable Dios de misericordia y amor Te saludamos y nos postramos ante Ti T\u00fa eres Omnipresente, Omnipotente y Omnisciente T\u00fa eres Saccidananda. T\u00fa eres Existencia, Conocimiento y Bienaventuranza absolutos T\u00fa estas en el coraz\u00f3n de todos los seres \u00a0 Danos visi\u00f3n clara, mente equilibrada, fe, devoci\u00f3n y sabidur\u00eda. Danos fuerza [&hellip;]<\/p>\n","protected":false},"author":2,"featured_media":0,"parent":7940,"menu_order":0,"comment_status":"closed","ping_status":"closed","template":"","meta":{"_angie_page":false,"footnotes":""},"class_list":["post-7953","page","type-page","status-publish","hentry"],"_links":{"self":[{"href":"https:\/\/staging.sivananda.eu\/es\/wp-json\/wp\/v2\/pages\/7953","targetHints":{"allow":["GET"]}}],"collection":[{"href":"https:\/\/staging.sivananda.eu\/es\/wp-json\/wp\/v2\/pages"}],"about":[{"href":"https:\/\/staging.sivananda.eu\/es\/wp-json\/wp\/v2\/types\/page"}],"author":[{"embeddable":true,"href":"https:\/\/staging.sivananda.eu\/es\/wp-json\/wp\/v2\/users\/2"}],"replies":[{"embeddable":true,"href":"https:\/\/staging.sivananda.eu\/es\/wp-json\/wp\/v2\/comments?post=7953"}],"version-history":[{"count":0,"href":"https:\/\/staging.sivananda.eu\/es\/wp-json\/wp\/v2\/pages\/7953\/revisions"}],"up":[{"embeddable":true,"href":"https:\/\/staging.sivananda.eu\/es\/wp-json\/wp\/v2\/pages\/7940"}],"wp:attachment":[{"href":"https:\/\/staging.sivananda.eu\/es\/wp-json\/wp\/v2\/media?parent=7953"}],"curies":[{"name":"wp","href":"https:\/\/api.w.org\/{rel}","templated":true}]}}