{"id":7958,"date":"2025-12-22T09:58:53","date_gmt":"2025-12-22T08:58:53","guid":{"rendered":"https:\/\/staging.sivananda.eu\/?page_id=7958"},"modified":"2025-12-22T10:54:35","modified_gmt":"2025-12-22T09:54:35","slug":"la-priere-universelle","status":"publish","type":"page","link":"https:\/\/staging.sivananda.eu\/fr\/yoga\/philosophie\/les-quatre-voies-du-yoga\/bhakti-yoga\/la-priere-universelle\/","title":{"rendered":"La pri\u00e8re universelle"},"content":{"rendered":"\t\t<div data-elementor-type=\"wp-page\" data-elementor-id=\"7958\" class=\"elementor elementor-7958 elementor-7913\" data-elementor-post-type=\"page\">\n\t\t\t\t<div class=\"elementor-element elementor-element-2d1473a e-flex e-con-boxed e-con e-parent\" data-id=\"2d1473a\" data-element_type=\"container\" data-e-type=\"container\" data-settings=\"{&quot;background_background&quot;:&quot;classic&quot;,&quot;jet_parallax_layout_list&quot;:[]}\">\n\t\t\t\t\t<div class=\"e-con-inner\">\n\t\t\t\t<div class=\"elementor-element elementor-element-356449d9 elementor-invisible elementor-widget elementor-widget-heading\" data-id=\"356449d9\" data-element_type=\"widget\" data-e-type=\"widget\" data-settings=\"{&quot;_animation&quot;:&quot;slideInUp&quot;,&quot;_animation_mobile&quot;:&quot;none&quot;}\" data-widget_type=\"heading.default\">\n\t\t\t\t\t<p class=\"elementor-heading-title elementor-size-default\">Universal Prayer<\/p>\t\t\t\t<\/div>\n\t\t\t\t\t<\/div>\n\t\t\t\t<\/div>\n\t\t<div class=\"elementor-element elementor-element-46ecede5 e-flex e-con-boxed e-con e-parent\" data-id=\"46ecede5\" data-element_type=\"container\" data-e-type=\"container\" data-settings=\"{&quot;jet_parallax_layout_list&quot;:[]}\">\n\t\t\t\t\t<div class=\"e-con-inner\">\n\t\t\t\t<div class=\"elementor-element elementor-element-4a3f1d75 elementor-widget elementor-widget-template\" data-id=\"4a3f1d75\" data-element_type=\"widget\" data-e-type=\"widget\" data-widget_type=\"template.default\">\n\t\t\t\t<div class=\"elementor-widget-container\">\n\t\t\t\t\t\t\t<div class=\"elementor-template\">\n\t\t\t\t\t<div data-elementor-type=\"container\" data-elementor-id=\"4127\" class=\"elementor elementor-4127\" data-elementor-post-type=\"elementor_library\">\n\t\t\t\t<div class=\"elementor-element elementor-element-77c5128e e-flex e-con-boxed e-con e-parent\" data-id=\"77c5128e\" data-element_type=\"container\" data-e-type=\"container\" data-settings=\"{&quot;background_background&quot;:&quot;classic&quot;,&quot;jet_parallax_layout_list&quot;:[]}\">\n\t\t\t\t\t<div class=\"e-con-inner\">\n\t\t\t\t<div class=\"elementor-element elementor-element-2cdd92ef elementor-widget elementor-widget-shortcode\" data-id=\"2cdd92ef\" data-element_type=\"widget\" data-e-type=\"widget\" data-widget_type=\"shortcode.default\">\n\t\t\t\t\t\t\t<div class=\"elementor-shortcode\"><nav aria-label=\"breadcrumbs\" class=\"rank-math-breadcrumb\"><p><span class=\"last\">Home<\/span><\/p><\/nav><\/div>\n\t\t\t\t\t\t<\/div>\n\t\t\t\t\t<\/div>\n\t\t\t\t<\/div>\n\t\t\t\t<\/div>\n\t\t\t\t<\/div>\n\t\t\t\t\t\t<\/div>\n\t\t\t\t<\/div>\n\t\t\t\t\t<\/div>\n\t\t\t\t<\/div>\n\t\t<div class=\"elementor-element elementor-element-4b021077 e-flex e-con-boxed e-con e-parent\" data-id=\"4b021077\" data-element_type=\"container\" data-e-type=\"container\" data-settings=\"{&quot;background_background&quot;:&quot;classic&quot;,&quot;jet_parallax_layout_list&quot;:[]}\">\n\t\t\t\t\t<div class=\"e-con-inner\">\n\t\t<div class=\"elementor-element elementor-element-2a0073a5 e-con-full e-flex e-con e-child\" data-id=\"2a0073a5\" data-element_type=\"container\" data-e-type=\"container\" data-settings=\"{&quot;jet_parallax_layout_list&quot;:[]}\">\n\t\t\t\t<div class=\"elementor-element elementor-element-7588079b elementor-widget elementor-widget-heading\" data-id=\"7588079b\" data-element_type=\"widget\" data-e-type=\"widget\" data-widget_type=\"heading.default\">\n\t\t\t\t\t<h1 class=\"elementor-heading-title elementor-size-default\">La pri\u00e8re universelle<\/h1>\t\t\t\t<\/div>\n\t\t\t\t<div class=\"elementor-element elementor-element-6ecfa2f7 elementor-widget-divider--view-line elementor-widget elementor-widget-divider\" data-id=\"6ecfa2f7\" data-element_type=\"widget\" data-e-type=\"widget\" data-widget_type=\"divider.default\">\n\t\t\t\t\t\t\t<div class=\"elementor-divider\">\n\t\t\t<span class=\"elementor-divider-separator\">\n\t\t\t\t\t\t<\/span>\n\t\t<\/div>\n\t\t\t\t\t\t<\/div>\n\t\t\t\t<\/div>\n\t\t<div class=\"elementor-element elementor-element-2c4c28be e-con-full e-flex e-con e-child\" data-id=\"2c4c28be\" data-element_type=\"container\" data-e-type=\"container\" data-settings=\"{&quot;jet_parallax_layout_list&quot;:[]}\">\n\t\t\t\t<div class=\"elementor-element elementor-element-252692c7 elementor-widget elementor-widget-text-editor\" data-id=\"252692c7\" data-element_type=\"widget\" data-e-type=\"widget\" data-widget_type=\"text-editor.default\">\n\t\t\t\t\t\t\t\t\t<p>Oh, Seigneur adorable de mis\u00e9ricorde et d&rsquo;amour<br \/>Nous Te saluons et nous nous prosternons devant Toi<br \/>Tu es omnipr\u00e9sent, omnipotent, omniscient<br \/>Tu es l&rsquo;\u00eatre intime de tous les \u00eatres<br \/>Donne-nous un coeur compr\u00e9hensif, une vision sereine, <br \/>La foi, la d\u00e9votion et la sagesse<br \/>Donne-nous la force spirituelle int\u00e9rieure,<br \/>Pour r\u00e9sister \u00e0 la tentation et ma\u00eetriser notre esprit.<br \/>D\u00e9livre-nous de l&rsquo;\u00e9go\u00efsme, de tous les d\u00e9sirs immod\u00e9r\u00e9s,<br \/>De la col\u00e8re, de la haine et de la jalousie<br \/>Emplis nos coeurs de vertus divines.<br \/>Que nous te voyions dans tous les noms et toutes les formes.<br \/>Que nous te servions dans tous ces noms et toutes ces formes.<br \/>Que toujours nous pensions \u00e0 Toi<br \/>Que nous chantions toujours Ta gloire<br \/>Que Ton nom soit toujours sur nos l\u00e8vres<br \/>Que nous demeurions en Toi pour l&rsquo;\u00e9ternit\u00e9.<\/p><p>~ Swami Sivananda<\/p>\t\t\t\t\t\t\t\t<\/div>\n\t\t\t\t<\/div>\n\t\t\t\t\t<\/div>\n\t\t\t\t<\/div>\n\t\t\t\t<\/div>\n\t\t","protected":false},"excerpt":{"rendered":"<p>Universal Prayer La pri\u00e8re universelle Oh, Seigneur adorable de mis\u00e9ricorde et d&rsquo;amourNous Te saluons et nous nous prosternons devant ToiTu es omnipr\u00e9sent, omnipotent, omniscientTu es l&rsquo;\u00eatre intime de tous les \u00eatresDonne-nous un coeur compr\u00e9hensif, une vision sereine, La foi, la d\u00e9votion et la sagesseDonne-nous la force spirituelle int\u00e9rieure,Pour r\u00e9sister \u00e0 la tentation et ma\u00eetriser notre [&hellip;]<\/p>\n","protected":false},"author":2,"featured_media":0,"parent":7937,"menu_order":0,"comment_status":"closed","ping_status":"closed","template":"","meta":{"_angie_page":false,"footnotes":""},"class_list":["post-7958","page","type-page","status-publish","hentry"],"_links":{"self":[{"href":"https:\/\/staging.sivananda.eu\/fr\/wp-json\/wp\/v2\/pages\/7958","targetHints":{"allow":["GET"]}}],"collection":[{"href":"https:\/\/staging.sivananda.eu\/fr\/wp-json\/wp\/v2\/pages"}],"about":[{"href":"https:\/\/staging.sivananda.eu\/fr\/wp-json\/wp\/v2\/types\/page"}],"author":[{"embeddable":true,"href":"https:\/\/staging.sivananda.eu\/fr\/wp-json\/wp\/v2\/users\/2"}],"replies":[{"embeddable":true,"href":"https:\/\/staging.sivananda.eu\/fr\/wp-json\/wp\/v2\/comments?post=7958"}],"version-history":[{"count":0,"href":"https:\/\/staging.sivananda.eu\/fr\/wp-json\/wp\/v2\/pages\/7958\/revisions"}],"up":[{"embeddable":true,"href":"https:\/\/staging.sivananda.eu\/fr\/wp-json\/wp\/v2\/pages\/7937"}],"wp:attachment":[{"href":"https:\/\/staging.sivananda.eu\/fr\/wp-json\/wp\/v2\/media?parent=7958"}],"curies":[{"name":"wp","href":"https:\/\/api.w.org\/{rel}","templated":true}]}}